{"id":11,"date":"2019-12-26T21:37:03","date_gmt":"2019-12-26T23:37:03","guid":{"rendered":"http:\/\/h.www1.ceta.ceo\/?page_id=11"},"modified":"2020-11-09T17:13:52","modified_gmt":"2020-11-09T19:13:52","slug":"mesmerize","status":"publish","type":"page","link":"https:\/\/h.www1.ceta.ceo\/","title":{"rendered":"Front Page"},"content":{"rendered":"<div  id=\"topo\" style=\"background-color: #ffffff;\" data-label=\"Topo\" data-id=\"features-ov-4-mc\" data-export-id=\"features-ov-4-mc\" data-category=\"features\" class=\"features-ov-4-mc content-section content-section-spacing\"><div  class=\"gridContainer\"> <div  data-type=\"row\" class=\"row spaced-cols text-center\"><div  class=\"col-xs-12 col-sm-4 col-padding\"> <i  class=\"fa icon shadow-large-black aligncenter color1 fa-dashboard reverse round large\"><\/i> <div  data-type=\"column\" class=\"\"> <h5  class=\"font-400\">BUSINESS ANALYTICS<\/h5> <p  class=\"\">Adote a Gest\u00e3o de alto desempenho como estrat\u00e9gia de otimiza\u00e7\u00e3o de recursos, qualidade, expans\u00e3o do neg\u00f3cio e aumento da lucratividade! Utilize o BA2Edu \u2013 nosso Business Analytics especializado em Educa\u00e7\u00e3o.<\/p><\/div> <\/div> <div  class=\"col-xs-12 col-sm-4 col-padding\"> <i  class=\"fa icon shadow-large-black aligncenter color2 fa-cloud-upload reverse round large\"><\/i> <div  data-type=\"column\" class=\"\"><h5  class=\"font-400\">CLOUD COMPUTING<\/h5> <p  class=\"\">Adote estrat\u00e9gia de custos como diferencial competitivo! Leve sua aplica\u00e7\u00e3o para a nuvem com o apoio de nossa equipe&nbsp; especializada nos melhores servi\u00e7os de IaaS, tais como: Amazon Web Services e Google Cloud Platform.<\/p><\/div> <\/div> <div  class=\"col-xs-12 col-sm-4 col-padding\"> <i  class=\"fa icon shadow-large-black aligncenter color4 fa-mobile reverse round large\"><\/i> <div  data-type=\"column\" class=\"\"><h5  class=\"font-400\">MOBILIDADE e IoT<\/h5> <p  class=\"\">Adote estrat\u00e9gias de inova\u00e7\u00e3o como diferencial competitivo de tua Institui\u00e7\u00e3o! Com nossos produtos es servi\u00e7os, ofere\u00e7a a seus clientes, o conforto e a ubiquidade da mobilidade e a automa\u00e7\u00e3o da Internet das Coisas (IoT).<\/p><\/div> <\/div><\/div> <\/div><\/div><div  id=\"sobre\" style=\"background-color: #f5fafd;\" data-label=\"Sobre\" data-id=\"about-images-right-section-mc\" data-export-id=\"about-images-right-section-mc\" data-bullets-visibility=\"true\" data-category=\"about\" class=\"about-images-right-section-mc content-section content-section-spacing\"><div  class=\"gridContainer\"> <div  class=\"row middle-sm text-center\"><div  class=\"col-sm-5 content-left-sm\" data-type=\"column\"> <h5  class=\"\">CETACEO<\/h5><h2  class=\"\">H\u00e1 mais de 15 anos<br > <span  style=\"font-family: Playfair Display,sans-serif; font-weight: 700; font-style: italic;\" href=\"#\">criando solu\u00e7\u00f5es inovadoras<\/span>&nbsp;para Educa\u00e7\u00e3o!<\/h2>  <p  class=\"\">Aliamos longa experi\u00eancia em Educa\u00e7\u00e3o com o estado da arte em tecnologia para construir, junto aos nossos clientes, solu\u00e7\u00f5es inovadoras sempre com o objetivo de promover o alto desempenho do neg\u00f3cio e a excel\u00eancia acad\u00eamica!<\/p> <a class=\"button blue\" href=\"#contato\" target=\"_self\" data-cp-link=\"1\" rel=\"noopener noreferrer\">Fale Conosco<\/a><\/div> <div  class=\"col-sm-7 space-bottom-xs\"><div  class=\"image-group-side-3-img\"> <img  class=\"topimg shadow-large\" src=\"https:\/\/ceta.ceo\/wp-content\/uploads\/2020\/01\/cropped-Dashboard-1.png\" alt=\"\" title=\"cropped-Dashboard-1.png\"> <img  class=\"rightimg shadow-large\" src=\"\/wp-content\/uploads\/2020\/01\/cropped-ProfessorReduzido.png\" alt=\"\" title=\"cropped-ProfessorReduzido.png\"> <div  class=\"leftimg\"> <img  class=\"shadow-large\" src=\"\/wp-content\/themes\/highlight\/customizer\/sections\/images\/cropped-girl-2940655_1920.jpg\"><\/div> <\/div><\/div> <\/div><\/div> <\/div><div  id=\"analytics\" style=\"background-color: #ffffff;\" data-label=\"Analytics\" data-id=\"features-16-card-bordered-mc\" data-export-id=\"features-16-card-bordered-mc\" data-bullets-visibility=\"true\" data-category=\"features\" class=\"features-16-card-bordered-mc content-section content-section-spacing\"><div  class=\"gridContainer\"> <div  class=\"row text-center\"><div  class=\"section-title-col\" data-type=\"column\"> <h5  class=\"\">BA2Edu \u2013 Business Analytics para Educa\u00e7\u00e3o<\/h5> <h2  class=\"\">Gest\u00e3o de Alto Desempenho<\/h2> <p  class=\"lead\">Reten\u00e7\u00e3o de alunos usando IA, Prospec\u00e7\u00e3o de novos neg\u00f3cios, Benchmarking, Gest\u00e3o de alto desempenho utilizando Indicadores de Performance para as \u00e1reas: Acad\u00eamica, Financeira e Controladoria; \u2026 tudo isso est\u00e1 no DNA da CETACEO e faz parte do dia a dia de nosso time.&nbsp;Temos experi\u00eancia com todos os N\u00edveis e Modalidades de Ensino, e com Institui\u00e7\u00f5es de todos os Portes.<\/p><\/div> <\/div> <div  class=\"row spaced-cols\" data-type=\"row\"> <div  class=\"col-xs-12 col-sm-6 col-md-4\"> <div  class=\"card no-padding bordered y-move\"> <img  class=\"face\" src=\"\/wp-content\/themes\/highlight\/customizer\/sections\/images\/agreement-2548139_1920.jpg\"> <div  data-type=\"column\" class=\"col-padding-small col-padding-small-xs description-container\"> <h4  class=\"font-500\">An\u00e1lise Preditiva com Intelig\u00eancia Artificial<\/h4> <p  class=\"\">O BA2Edu, nossa ferramenta de Business Analytics, possue um poderoso ferramental para An\u00e1lise Preditiva utilizando Computa\u00e7\u00e3o Cognitiva (IA), Met\u00f3dos Estat\u00edsticos e M\u00e9todos Num\u00e9ricos. Nossos algoritmos foram otimizados para o Neg\u00f3cio Educa\u00e7\u00e3o. Dessa forma, com refinamentos sucessivos dos algoritmos, conseguimos resultados incr\u00edveis para Reten\u00e7\u00e3o de Alunos, bem como, para outras atividades da Institui\u00e7\u00e3o de Ensino que t\u00eam um grande impacto em qualidade, desempenho e&nbsp; lucratividade da Institui\u00e7\u00e3o.&nbsp;<\/p><\/div> <div  data-type=\"column\" class=\"col-padding-small col-padding-small-xs read-more-container\"><a class=\"read-more\" href=\"https:\/\/www.ba2edu.com\" target=\"_blank\" data-cp-link=\"1\" rel=\"noopener noreferrer\">Saiba mais<\/a><\/div> <\/div><\/div> <div  class=\"col-xs-12 col-sm-6 col-md-4\"><div  class=\"card no-padding bordered y-move\"> <img  class=\"face\" src=\"\/wp-content\/themes\/highlight\/customizer\/sections\/images\/pencils-452238_1920.jpg\"> <div  data-type=\"column\" class=\"col-padding-small col-padding-small-xs description-container\"> <h4  class=\"font-500\">Dashboards predefinidos para o Neg\u00f3cio Educa\u00e7\u00e3o<\/h4> <p  class=\"\">O BA2Edu j\u00e1 vem preconfigurado com um rico conjunto de dashboards para todas as \u00e1reas do Neg\u00f3cio Educa\u00e7\u00e3o. Boas pr\u00e1ticas de gest\u00e3o de Institui\u00e7\u00f5es de Ensino (IE), resultantes da experi\u00eancia pr\u00e1tica de d\u00e9cadas de nossa equipe, foram incorporadas ao BA2Edu por meio de idicadores de desempenho. Portanto, basta conectar o BA2Edu \u00e0 Base de Dados da IE, e passar a usufruir de um conjunto excepcional de indicadores para cada \u00e1rea de gest\u00e3o. Consequentemente, reduzimos drasticamente tempo e custo de implanta\u00e7\u00e3o e aumentamos muito o Retorno do Investimento.<\/p><\/div> <div  data-type=\"column\" class=\"col-padding-small col-padding-small-xs read-more-container\"><a class=\"read-more\" href=\"https:\/\/www.ba2edu.com\" target=\"_blank\" data-cp-link=\"1\" rel=\"noopener noreferrer\">Saiba mais<\/a><\/div> <\/div><\/div> <div  class=\"col-xs-12 col-sm-6 col-md-4\"><div  class=\"card no-padding bordered y-move\"> <img  class=\"face\" src=\"\/wp-content\/themes\/highlight\/customizer\/sections\/images\/cropped-startup-849804_1920.jpg\"> <div  data-type=\"column\" class=\"col-padding-small col-padding-small-xs description-container\"> <h4  class=\"font-500\">Conex\u00e3o Plug and Play com produtos de mercado<\/h4> <p  class=\"\">Al\u00e9m de dashboards preconfigurados para cada \u00e1rea da Institui\u00e7\u00e3o de Ensino, a CETACEO vem desenvolvendo integra\u00e7\u00f5es nativas com os softwares mais utilizados no mercado de Educa\u00e7\u00e3o.&nbsp; Por exemplo, se a IE utiliza Moodle, basta conectar o BA2Edu ao Moodle da Institui\u00e7\u00e3o e um conjunto rico de indicadores de desempenho j\u00e1 ser\u00e3o disponibilizados para os gestores. Esse \u00e9 o conceito de plug and play de software levado ao mite, antecipando a viis\u00e3o de valor da nossa solu\u00e7\u00e3o, gerando redu\u00e7\u00e3o de custos e aumentando muito o Retorno do Investimento do BA2Edu.<\/p><\/div> <div  data-type=\"column\" class=\"col-padding-small col-padding-small-xs read-more-container\"><a class=\"read-more\" href=\"https:\/\/www.ba2edu.com\" target=\"_blank\" data-cp-link=\"1\" rel=\"noopener noreferrer\">Saiba mais<\/a><\/div> <\/div><\/div> <\/div><\/div> <\/div><div  id=\"cloud\" style=\"background-color: #f5fafd;\" data-label=\"Cloud\" data-id=\"content-7-mc\" data-export-id=\"content-7-mc\" data-category=\"content\" class=\"content-7-mc content-section content-section-spacing\" data-bullets-visibility=\"true\"><div  class=\"gridContainer\"> <div  class=\"row middle-sm\"><div  class=\"col-sm-6 space-bottom-xs\" data-type=\"column\"> <h2  class=\"\">Cloud Computing<\/h2> <p  class=\"\">Adote estrat\u00e9gias de custos e de qualidade levando as aplica\u00e7\u00f5es de tua Institui\u00e7\u00e3o para a nuvem.&nbsp;<br >Somos especializados nos melhores fornecedores de Infraestrutura como Servi\u00e7o (IaaS) do mundo. Garantimos alta disponibilidade e desempenho.\n<br >Utilize nosso Moodle, com interface customizada e enriquecido com relat\u00f3rios e dashboards, e dispon\u00edvel em cloud em ambientes el\u00e1sticos.<\/p> <a class=\"button color1\" href=\"#contato\" target=\"_self\" data-cp-link=\"1\" rel=\"noopener noreferrer\">Saiba mais<\/a><\/div> <div  class=\"col-sm-6\" data-type=\"column\"> <img  class=\"shadow-large\" src=\"\/wp-content\/uploads\/2020\/01\/balaoCloud.jpg\" alt=\"\" title=\"balaoCloud\"><\/div> <\/div><\/div> <\/div><div  id=\"mobilidade\" style=\"background-color: #ffffff;\" data-label=\"Mobilidade\" data-id=\"content-8-mc\" data-export-id=\"content-8-mc\" data-category=\"content\" class=\"content-8-mc content-section content-section-spacing\" data-bullets-visibility=\"true\"><div  class=\"gridContainer\"> <div  class=\"row middle-sm\"><div  class=\"col-sm-6 space-bottom-xs space-top-xs\" data-type=\"column\"> <img  class=\"shadow-large\" src=\"\/wp-content\/themes\/highlight\/customizer\/sections\/images\/business-3560916_1920.jpg\"><\/div> <div  class=\"col-sm-6\" data-type=\"column\"><h2  class=\"\">Mobilidade e IoT<\/h2> <p  class=\"\">Reconhecimento facial, aplica\u00e7\u00f5es m\u00f3veis, comunica\u00e7\u00e3o, notifica\u00e7\u00e3o,\u2026 fazem parte de produtos maduros, desenvolvidos j\u00e1 h\u00e1 anos pela nossa equipe, e que se encontram em constante evolu\u00e7\u00e3o.\n<br >Integre teus sistemas com nossos apps. Comunique-se por meio de mensagens gratuitas enviadas diretamente para o App do Aluno e do Professor. Realize a avalia\u00e7\u00e3o de presen\u00e7a por meio de reconhecimento facial com dispositivos que se encontram no espa\u00e7o f\u00edsico da Institui\u00e7\u00e3o.&nbsp;<\/p> <a class=\"button color1\" href=\"#contato\" target=\"_self\" data-cp-link=\"1\" rel=\"noopener noreferrer\">Saiba Mais<\/a><\/div> <\/div><\/div> <\/div><div  data-label=\"Indicadores\" data-id=\"counters--1\" data-export-id=\"counters-1\" data-category=\"counters\" class=\"counters-1 content-section content-section-spacing\" id=\"indicadores\" style=\"background-color: rgb(245, 250, 253);\"><div  class=\"gridContainer\"> <div  class=\"row text-center\"><div  class=\"section-title-col\" data-type=\"column\"> <h2  class=\"\">Indicadores da CETACEO<\/h2> <p  class=\"lead\">O indicador mais importante para nosso time \u00e9 o grau de satisfa\u00e7\u00e3o com nossa marca (NPS). Estamos sempre trabalhando para aprimorar nossos produtos e servi\u00e7os e, em especial, o relacionamento com nossos clientes.<\/p><\/div> <\/div> <div  class=\"row spaced-cols\" data-type=\"row\" data-fixed=\"true\"> <div  class=\"col-xs-12 col-sm-4 space-bottom-small col-padding-xs\"> <div  class=\"circle-counter color1\"> <svg  class=\"circle-svg\" viewBox=\"0 0 100 100\"> <circle  r=\"48\" stroke-linecap=\"round\" cx=\"50\" cy=\"50\" fill=\"transparent\" stroke-dasharray=\"301.6\" stroke-dashoffset=\"301.6px\"><\/circle> <circle  class=\"circle-bar\" r=\"48\" stroke-linecap=\"round\" cx=\"50\" cy=\"50\" fill=\"transparent\" stroke-dasharray=\"301.6\" stroke-dashoffset=\"301.6px\" style=\"stroke-dashoffset: 301.593px;\"><\/circle><\/svg> <div  class=\"circle-content\"><h2  class=\"font-100\" data-min=\"0\" data-max=\"5000\" data-stop=\"5000\" data-prefix=\"\" data-suffix=\" +\" data-countup=\"true\" data-duration=\"2000\"><\/h2> <p >Clientes<\/p><\/div> <\/div><\/div> <div  class=\"col-xs-12 col-sm-4 space-bottom-small col-padding-xs\"><div  class=\"circle-counter color2\"> <svg  class=\"circle-svg\" viewBox=\"0 0 100 100\"><circle  r=\"48\" stroke-linecap=\"round\" cx=\"50\" cy=\"50\" fill=\"transparent\" stroke-dasharray=\"301.6\" stroke-dashoffset=\"301.6px\"><\/circle> <circle  class=\"circle-bar\" r=\"48\" stroke-linecap=\"round\" cx=\"50\" cy=\"50\" fill=\"transparent\" stroke-dasharray=\"301.6\" stroke-dashoffset=\"301.6px\" style=\"stroke-dashoffset: 301.593px;\"><\/circle><\/svg> <div  class=\"circle-content\"><h2  class=\"font-100\" data-min=\"0\" data-max=\"100\" data-stop=\"92\" data-prefix=\"\" data-suffix=\"%\" data-countup=\"true\" data-duration=\"2000\"><\/h2> <p >Satisfa\u00e7\u00e3o<\/p><\/div> <\/div><\/div> <div  class=\"col-xs-12 col-sm-4 space-bottom-small col-padding-xs\"><div  class=\"circle-counter color4\"> <svg  class=\"circle-svg\" viewBox=\"0 0 100 100\"><circle  r=\"48\" stroke-linecap=\"round\" cx=\"50\" cy=\"50\" fill=\"transparent\" stroke-dasharray=\"301.6\" stroke-dashoffset=\"301.6px\"><\/circle> <circle  class=\"circle-bar\" r=\"48\" stroke-linecap=\"round\" cx=\"50\" cy=\"50\" fill=\"transparent\" stroke-dasharray=\"301.6\" stroke-dashoffset=\"301.6px\" style=\"stroke-dashoffset: 301.593px;\"><\/circle><\/svg> <div  class=\"circle-content\"><h2  class=\"font-100\" data-min=\"0\" data-max=\"100\" data-stop=\"95\" data-prefix=\"\" data-suffix=\"%  +\" data-countup=\"true\" data-duration=\"2000\"><\/h2> <p >Meta Satisfa\u00e7\u00e3o 2020<\/p><\/div> <\/div><\/div> <\/div><\/div> <\/div><div  id=\"cta-1\" style=\"background-color: #f5fafd;\" data-label=\"Cta\" data-id=\"cta-blue-section-mc\" data-export-id=\"cta-blue-section-mc\" data-category=\"cta\" class=\"cta-blue-section-mc content-section content-section-spacing le_cocktail white-text\"><div  class=\"gridContainer\"> <div  class=\"row middle-xs\"><div  class=\"col-sm-8 space-bottom-xs\" data-type=\"column\"> <h2  class=\"\">FALE COM UM ESPECIALISTA&nbsp;<br >Trocar experi\u00eancias sempre enriquece! <\/h2> <p  class=\"\">Agende uma conversa presencial ou remota com nossos especialistas em Solu\u00e7oes de TI para o Neg\u00f3cio Educa\u00e7\u00e3o. Temos o compromisso de n\u00e3o haver qualquer abordagem comercial, a n\u00e3o ser que nos seja solicitado.<\/p><\/div> <div  class=\"col-sm-4 end-sm\" data-type=\"column\"> <a class=\"button color2\" href=\"https:\/\/app.hubspot.com\/meetings\/evelin-quinto\" target=\"_blank\" data-cp-link=\"1\" rel=\"noopener noreferrer\">AGENDAR UMA CONVERSA<\/a><a class=\"button blue\" href=\"#contato\" target=\"_self\" data-cp-link=\"1\" rel=\"noopener noreferrer\">DEIXAR MEUS DADOS<\/a><\/div> <\/div><\/div> <\/div><div  id=\"time\" style=\"background-color: #ffffff;\" data-label=\"Time\" data-id=\"team-5-mc\" data-export-id=\"team-5-mc\" data-bullets-visibility=\"true\" data-category=\"team\" class=\"team-5-mc content-section content-section-spacing\"><div  class=\"gridContainer\"> <div  class=\"row text-center\"><div  class=\"section-title-col\" data-type=\"column\"> <h5  class=\"\">EQUIPE CETACEO<\/h5> <h2  class=\"\">Nosso Time<\/h2> <p  class=\"lead\">Base s\u00f3lida e profunda de conhecimento em TI e Educa\u00e7\u00e3o associadas com mentes criativas e tecnologias inovadoras \u2013 esse \u00e9 o perfil de nosso time. Sempre com o princ\u00edpio de apoiar nossos clientes a alcan\u00e7ar excel\u00eancia acad\u00eamica e gest\u00e3o de alto desempenho.<\/p><\/div> <\/div> <div  class=\"row spaced-cols content-center-sm\" data-type=\"row\"> <div  class=\"col-xs-12 col-sm-6 col-padding col-md-4 \"> <div  class=\"row \"> <div  data-type=\"column\" class=\"col-xs-12 col-sm-12\"> <img  class=\"round face\" src=\"\/wp-content\/uploads\/2020\/01\/cropped-FotoMicali3-2.jpg\" alt=\"\" title=\"cropped-FotoMicali3-2.jpg\"> <h4  class=\"font-500\">Fernando Micali<\/h4> <p  class=\"italic\">CEO<\/p> <p  class=\"\">Experi\u00eancia de mais de 30 anos em Educa\u00e7\u00e3o como Mantenedor de Centro Universit\u00e1rio e Col\u00e9gio; Professor; Chefe de Departamento; Coordenador de Curso e Pr\u00f3-Reitor de Pesquisa. Doutor em Engenharia pela Poli-USP nas \u00e1res de M\u00e9todos Num\u00e9ricos e Software. Apaixonado por Educa\u00e7\u00e3o.<\/p> <div  class=\"social-icons-group\" data-type=\"group\"> <a href=\"#\" target=\"_self\" data-reiki-hidden=\"true\" rel=\"noopener noreferrer\"><i  class=\"gray fa icon fa-facebook-square\"><\/i><\/a> <a href=\"#\" target=\"_self\" data-reiki-hidden=\"true\" rel=\"noopener noreferrer\"><i  class=\"gray fa icon fa-twitter-square\"><\/i><\/a> <a href=\"#\" target=\"_self\" rel=\"noopener noreferrer\"><i  class=\"gray fa icon fa-linkedin-square\"><\/i><\/a> <a href=\"\/\/www.linkedin.com\/in\/fernando-micali-96365622\" target=\"_blank\" data-reiki-hidden=\"true\" rel=\"noopener noreferrer\" class=\"\"><i  class=\"gray fa icon fa-google-plus-square\"><\/i><\/a><\/div> <\/div><\/div> <\/div> <div  class=\"col-xs-12 col-sm-6 col-padding col-md-4 \"> <div  class=\"row \"> <div  data-type=\"column\" class=\"col-xs-12 col-sm-12\"> <img  class=\"round face\" src=\"\/wp-content\/uploads\/2020\/01\/cropped-Henrique-scaled-2.jpg\" alt=\"\" title=\"cropped-Henrique-scaled-2.jpg\"> <h4  class=\"font-500\">Henrique Brites<\/h4> <p  class=\"italic\">Arquiteto L\u00edder<\/p> <p  class=\"\">H\u00e1 mais de 15 anos atuando no setor de TI, acumula experi\u00eancia em diferentes tecnologias e \u00e1reas, como Infraestrutura, Cloud Computing, Seguran\u00e7a da Informa\u00e7\u00e3o e Arquitetura de Sistemas. Professor Universit\u00e1rio. Especialista em Cloud Computing e P\u00f3s-Graduado em Engenharia de Componentes.<\/p> <div  class=\"social-icons-group\" data-type=\"group\"> <a href=\"#\" target=\"_self\" data-reiki-hidden=\"true\" rel=\"noopener noreferrer\"><i  class=\"gray fa icon fa-facebook-square\"><\/i><\/a> <a href=\"#\" target=\"_self\" data-reiki-hidden=\"true\" rel=\"noopener noreferrer\"><i  class=\"gray fa icon fa-twitter-square\"><\/i><\/a> <a href=\"\/\/www.linkedin.com\/in\/hrbrites\" target=\"_self\" rel=\"noopener noreferrer\" class=\"\"><i  class=\"gray fa icon fa-linkedin-square\"><\/i><\/a> <a href=\"#\" target=\"_self\" data-reiki-hidden=\"true\" rel=\"noopener noreferrer\"><i  class=\"gray fa icon fa-google-plus-square\"><\/i><\/a><\/div> <\/div><\/div> <\/div> <div  class=\"col-xs-12 col-sm-6 col-padding col-md-4 \"> <div  class=\"row \"> <div  data-type=\"column\" class=\"col-xs-12 col-sm-12\"> <img  class=\"round face\" src=\"\/wp-content\/uploads\/2020\/01\/cropped-Cleo-scaled-7.jpg\" alt=\"\" title=\"cropped-Cleo-scaled-7.jpg\"> <h4  class=\"font-500\">Cleo Chig<\/h4> <p  class=\"italic\">Desenvolvedor L\u00edder<\/p> <p  class=\"\">Experi\u00eancia de mais de 15 anos em Gest\u00e3o e Desenvolvimento de Software tendo atuado em projetos no Mercosul, em especial, no Brasil, no Uruguai e no Paraguai. Especialista em Banco de Dados e P\u00f3s-Graduado em Engenharia de Componentes utilizando Java e Arquitetura Orientada a Servi\u00e7os.<\/p> <div  class=\"social-icons-group\" data-type=\"group\"> <a href=\"#\" target=\"_self\" data-reiki-hidden=\"true\" rel=\"noopener noreferrer\"><i  class=\"gray fa icon fa-facebook-square\"><\/i><\/a> <a href=\"#\" target=\"_self\" data-reiki-hidden=\"true\" rel=\"noopener noreferrer\"><i  class=\"gray fa icon fa-twitter-square\"><\/i><\/a> <a href=\"\/\/www.linkedin.com\/in\/cleo-juliano-chig-21801436\" target=\"_self\" rel=\"noopener noreferrer\" class=\"\"><i  class=\"gray fa icon fa-linkedin-square\"><\/i><\/a> <a href=\"#\" target=\"_self\" data-reiki-hidden=\"true\" rel=\"noopener noreferrer\"><i  class=\"gray fa icon fa-google-plus-square\"><\/i><\/a><\/div> <\/div><\/div> <\/div> <\/div> <\/div><\/div><div  data-label=\"Parceiros\" data-id=\"clients--1\" data-export-id=\"clients-4\" data-category=\"clients\" class=\"clients-4 content-section content-section-spacing-small\" id=\"parceiros\" style=\"background-color: rgb(255, 255, 255); background-image: none;\" data-bullets-visibility=\"true\"><div  class=\"gridContainer\"> <div  class=\"row\"><div  data-type=\"column\" class=\"section-title-col\"> <h2  class=\"font-700\">Nossos Parceiros<\/h2> <p  class=\"lead\">Sinergia que faz a diferen\u00e7a para nossos clientes!<\/p><\/div> <\/div> <div  data-type=\"row\" class=\"row spaced-cols middle-xs center-xs space-bottom padding-lr\"> <div  class=\"col-xs-6 col-sm-2\"> <a data-cp-link=\"1\" href=\"https:\/\/www.tnttec.com.br\" class=\"\" target=\"_blank\" rel=\"noopener noreferrer\"><img  src=\"\/wp-content\/uploads\/2020\/01\/cropped-LogoTNTAzul508x300.png\" class=\"\" alt=\"\" title=\"cropped-LogoTNTAzul508x300.png\"><\/a><p  class=\"\">ERP Educacional&nbsp;<\/p><\/div> <div  class=\"col-xs-6 col-sm-2\"> <img  src=\"\/wp-content\/uploads\/2020\/01\/cropped-LogoNuloBranco.jpg\" class=\"\" alt=\"\" title=\"cropped-LogoNuloBranco.jpg\"><\/div> <div  class=\"col-xs-6 col-sm-2\"> <a data-cp-link=\"1\" href=\"https:\/\/www.fenep.org.br\" class=\"\" target=\"_blank\" rel=\"noopener noreferrer\"><img  src=\"\/wp-content\/uploads\/2020\/01\/cropped-FENEP-Logo.png\" class=\"\" alt=\"\" title=\"cropped-FENEP-Logo.png\"><\/a><\/div> <div  class=\"col-xs-6 col-sm-2\"> <img  src=\"\/wp-content\/uploads\/2020\/01\/cropped-LogoNuloBranco-1.jpg\" class=\"\" alt=\"\" title=\"cropped-LogoNuloBranco-1.jpg\"><\/div> <div  class=\"col-xs-6 col-sm-2\"> <a data-cp-link=\"1\" href=\"http:\/\/www.added.com.br\" class=\"\" target=\"_blank\" rel=\"noopener noreferrer\"><img  src=\"\/wp-content\/uploads\/2020\/01\/cropped-Added-Logo.png\" class=\"\" alt=\"\" title=\"cropped-Added-Logo.png\"><\/a><p  class=\"\">CISCO Educa\u00e7\u00e3o<\/p><\/div> <div  class=\"col-xs-6 col-sm-2\"> <img  src=\"\/wp-content\/uploads\/2020\/01\/cropped-LogoNuloBranco-2.jpg\" class=\"\" alt=\"\" title=\"cropped-LogoNuloBranco-2.jpg\"><\/div> <\/div><\/div> <\/div><div  id=\"contato\" style=\"background-color: #ffffff;\" data-label=\"Contato\" data-id=\"contact-1-mc\" data-export-id=\"contact-1-mc\" data-category=\"contact\" class=\"contact-1-mc content-section content-section-spacing white-text\" data-parallax-depth=\"20\" data-bullets-visibility=\"true\"><div  class=\"gridContainer\"> <div  class=\"row text-center\"><div  class=\"section-title-col\" data-type=\"column\"> <h5  class=\"\">Fale Conosco<\/h5> <h2  class=\"\">Contate o time CETACEO<\/h2> <p  class=\"lead\">Estamos sempre \u00e0 disposi\u00e7\u00e3o para tratar de assuntos ligados a Educa\u00e7\u00e3o e Solu\u00e7\u00f5es de TI. Compartilhe seu problema conosco! Certamente, poderemos contribuir ou indicar um poss\u00edvel caminho. Agende uma conversa com nossos especialistas, inscreva-se para receber nossas comunica\u00e7\u00f5es,\u2026. Fique \u00e0 vontade!<\/p><\/div> <\/div> <div  class=\"row text-center\"> <div  class=\"col-xs-12 col-sm-8 col-sm-offset-2 contact-form-wrapper inline-info\"> <div  class=\"card large-padding\"> <div  class=\"\" data-content-shortcode=\"mesmerize_contact_form shortcode=&quot;&amp;amp;lt;script charset=&amp;amp;quot;utf-8&amp;amp;quot; type=&amp;amp;quot;text\/javascript&amp;amp;quot; src=&amp;amp;quot;\/\/js.hsforms.net\/forms\/shell.js&amp;amp;quot;&amp;amp;gt;&amp;amp;lt;\/script&amp;amp;gt; &amp;amp;lt;script&amp;amp;gt;   hbspt.forms.create({ \tportalId: &amp;amp;quot;2611544&amp;amp;quot;, \tformId: &amp;amp;quot;6b2c41c0-20dd-40ba-b9bd-aad10a863360&amp;amp;quot; }); &amp;amp;lt;\/script&amp;amp;gt;&quot;\" data-editable=\"true\">[<script charset=\"utf-8\" type=\"text\/javascript\" src=\"\/\/js.hsforms.net\/forms\/shell.js\"><\/script> <script>   hbspt.forms.create({ \tportalId: \"2611544\", \tformId: \"6b2c41c0-20dd-40ba-b9bd-aad10a863360\" }); <\/script>]<\/div><\/div> <\/div><\/div> <\/div><\/div>","protected":false},"excerpt":{"rendered":"<p>BUSINESS ANALYTICS Adote a Gest\u00e3o de alto desempenho como estrat\u00e9gia de otimiza\u00e7\u00e3o de recursos, qualidade, expans\u00e3o do neg\u00f3cio e aumento da lucratividade! Utilize o BA2Edu \u2013 nosso Business Analytics especializado em Educa\u00e7\u00e3o. CLOUD COMPUTING Adote estrat\u00e9gia de custos como diferencial competitivo! Leve sua aplica\u00e7\u00e3o para a nuvem com o apoio de nossa equipe&nbsp; especializada nos&hellip; <br \/> <a class=\"read-more\" href=\"https:\/\/h.www1.ceta.ceo\/\">Leia mais<\/a><\/p>\n","protected":false},"author":1,"featured_media":0,"parent":0,"menu_order":0,"comment_status":"closed","ping_status":"closed","template":"page-templates\/homepage.php","meta":[],"_links":{"self":[{"href":"https:\/\/h.www1.ceta.ceo\/index.php?rest_route=\/wp\/v2\/pages\/11"}],"collection":[{"href":"https:\/\/h.www1.ceta.ceo\/index.php?rest_route=\/wp\/v2\/pages"}],"about":[{"href":"https:\/\/h.www1.ceta.ceo\/index.php?rest_route=\/wp\/v2\/types\/page"}],"author":[{"embeddable":true,"href":"https:\/\/h.www1.ceta.ceo\/index.php?rest_route=\/wp\/v2\/users\/1"}],"replies":[{"embeddable":true,"href":"https:\/\/h.www1.ceta.ceo\/index.php?rest_route=%2Fwp%2Fv2%2Fcomments&post=11"}],"version-history":[{"count":137,"href":"https:\/\/h.www1.ceta.ceo\/index.php?rest_route=\/wp\/v2\/pages\/11\/revisions"}],"predecessor-version":[{"id":431,"href":"https:\/\/h.www1.ceta.ceo\/index.php?rest_route=\/wp\/v2\/pages\/11\/revisions\/431"}],"wp:attachment":[{"href":"https:\/\/h.www1.ceta.ceo\/index.php?rest_route=%2Fwp%2Fv2%2Fmedia&parent=11"}],"curies":[{"name":"wp","href":"https:\/\/api.w.org\/{rel}","templated":true}]}}